{"id":6372,"date":"2026-02-20T15:13:45","date_gmt":"2026-02-20T15:13:45","guid":{"rendered":"https:\/\/tulossa.stationmir.fi\/?page_id=6372"},"modified":"2026-02-20T15:13:45","modified_gmt":"2026-02-20T15:13:45","slug":"me-ja-asiakkaat","status":"publish","type":"page","link":"https:\/\/tulossa.stationmir.fi\/index.php\/me-ja-asiakkaat\/","title":{"rendered":"Me ja asiakkaat"},"content":{"rendered":"<p><img decoding=\"async\" src=\"https:\/\/tulossa.stationmir.fi\/wp-content\/uploads\/2019\/12\/Graafista-muotoilua-pintaan-ja-tilaan-300x166.jpg\" sizes=\"100vw\" srcset=\"https:\/\/tulossa.stationmir.fi\/wp-content\/uploads\/2019\/12\/Graafista-muotoilua-pintaan-ja-tilaan-300x166.jpg 300w, https:\/\/tulossa.stationmir.fi\/wp-content\/uploads\/2019\/12\/Graafista-muotoilua-pintaan-ja-tilaan-768x426.jpg 768w, https:\/\/tulossa.stationmir.fi\/wp-content\/uploads\/2019\/12\/Graafista-muotoilua-pintaan-ja-tilaan-500x277.jpg 500w, https:\/\/tulossa.stationmir.fi\/wp-content\/uploads\/2019\/12\/Graafista-muotoilua-pintaan-ja-tilaan-800x444.jpg 800w, https:\/\/tulossa.stationmir.fi\/wp-content\/uploads\/2019\/12\/Graafista-muotoilua-pintaan-ja-tilaan.jpg 873w\" alt=\"\" width=\"300\" height=\"166\" \/><\/p>\n<figure><img fetchpriority=\"high\" decoding=\"async\" src=\"https:\/\/tulossa.stationmir.fi\/wp-content\/uploads\/2019\/12\/combBW_-500x307.jpg\" sizes=\"100vw\" srcset=\"https:\/\/tulossa.stationmir.fi\/wp-content\/uploads\/2019\/12\/combBW_-500x307.jpg 500w, https:\/\/tulossa.stationmir.fi\/wp-content\/uploads\/2019\/12\/combBW_-300x184.jpg 300w, https:\/\/tulossa.stationmir.fi\/wp-content\/uploads\/2019\/12\/combBW_-768x471.jpg 768w, https:\/\/tulossa.stationmir.fi\/wp-content\/uploads\/2019\/12\/combBW_.jpg 800w\" alt=\"\" width=\"500\" height=\"307\" \/><figcaption>Maria Appelberg, TaM, graafikko \u2022 Osmo Lepp\u00e4l\u00e4, TaK, graafikko, n\u00e4yttelyarkkitehti, valokuvaaja<\/figcaption><\/figure>\n<p><strong>MARIA<\/strong> b\u00f6cker, omslag, utst\u00e4llningsgrafik och -arkitektur, typografi,<br \/>\nkonstkataloger, broschyrer, tidsskrifter, emballage<br \/>\nmaria.appelberg (@) stationmir.fi\u00a0 \u2022\u00a0 +358 50 3543696<\/p>\n<p><strong>OSMO<\/strong> n\u00e4yttelyarkkitehtuuri ja -grafiikka, tilan visualisointi, kirjat,<br \/>\nlehdet, esitteet, 3D mallinnus, valokuvaus ja kuvank\u00e4sittely<br \/>\nosmo.leppala (@) stationmir.fi\u00a0 \u2022\u00a0 +358 50 5249135<\/p>\n<p>Ty\u00f6skentelemme taiteen, historian, tieteen ja kulttuurin parissa. Suunnittelemme kirjoja ja kaikkia painotuotteita, n\u00e4yttelyarkkitehtuureja ja visuaalisia ilmeit\u00e4. Graafisia ratkaisuja pintaan ja tilaan vuodesta 1995 alkaen.<\/p>\n<p>V\u00e5rt arbetsf\u00e4lt \u00e4r inom konst, historia, vetenskap och kultur. Station MIR designar b\u00f6cker, tryckt media, utst\u00e4llningsarkitektur och visuella identiteter. Grafisk design f\u00f6r yta och rum sedan 1995.<\/p>\n","protected":false},"excerpt":{"rendered":"<p>Maria Appelberg, TaM, graafikko \u2022 Osmo Lepp\u00e4l\u00e4, TaK, graafikko, n\u00e4yttelyarkkitehti, valokuvaaja MARIA b\u00f6cker, omslag, utst\u00e4llningsgrafik och -arkitektur, typografi, konstkataloger, broschyrer, tidsskrifter, emballage maria.appelberg (@) stationmir.fi\u00a0 \u2022\u00a0 +358 50 3543696 OSMO n\u00e4yttelyarkkitehtuuri ja -grafiikka, tilan visualisointi, kirjat, lehdet, esitteet, 3D mallinnus, valokuvaus ja kuvank\u00e4sittely osmo.leppala (@) stationmir.fi\u00a0 \u2022\u00a0 +358 50 5249135 Ty\u00f6skentelemme taiteen, historian, tieteen ja &hellip; <\/p>\n<p class=\"link-more\"><a href=\"https:\/\/tulossa.stationmir.fi\/index.php\/me-ja-asiakkaat\/\" class=\"more-link\">Jatka lukemista<span class=\"screen-reader-text\"> &#8221;Me ja asiakkaat&#8221;<\/span><\/a><\/p>\n","protected":false},"author":1,"featured_media":0,"parent":0,"menu_order":0,"comment_status":"closed","ping_status":"closed","template":"","meta":{"_vp_format_video_url":"","_vp_image_focal_point":{"x":0.7,"y":0.46},"footnotes":""},"class_list":["post-6372","page","type-page","status-publish","hentry"],"_links":{"self":[{"href":"https:\/\/tulossa.stationmir.fi\/index.php\/wp-json\/wp\/v2\/pages\/6372","targetHints":{"allow":["GET"]}}],"collection":[{"href":"https:\/\/tulossa.stationmir.fi\/index.php\/wp-json\/wp\/v2\/pages"}],"about":[{"href":"https:\/\/tulossa.stationmir.fi\/index.php\/wp-json\/wp\/v2\/types\/page"}],"author":[{"embeddable":true,"href":"https:\/\/tulossa.stationmir.fi\/index.php\/wp-json\/wp\/v2\/users\/1"}],"replies":[{"embeddable":true,"href":"https:\/\/tulossa.stationmir.fi\/index.php\/wp-json\/wp\/v2\/comments?post=6372"}],"version-history":[{"count":2,"href":"https:\/\/tulossa.stationmir.fi\/index.php\/wp-json\/wp\/v2\/pages\/6372\/revisions"}],"predecessor-version":[{"id":6374,"href":"https:\/\/tulossa.stationmir.fi\/index.php\/wp-json\/wp\/v2\/pages\/6372\/revisions\/6374"}],"wp:attachment":[{"href":"https:\/\/tulossa.stationmir.fi\/index.php\/wp-json\/wp\/v2\/media?parent=6372"}],"curies":[{"name":"wp","href":"https:\/\/api.w.org\/{rel}","templated":true}]}}