{"id":6365,"date":"2026-02-20T15:00:26","date_gmt":"2026-02-20T15:00:26","guid":{"rendered":"https:\/\/tulossa.stationmir.fi\/?page_id=6365"},"modified":"2026-02-24T14:05:54","modified_gmt":"2026-02-24T14:05:54","slug":"6365-2","status":"publish","type":"page","link":"https:\/\/tulossa.stationmir.fi\/index.php\/6365-2\/","title":{"rendered":"asiakaslista"},"content":{"rendered":"\t\t<div data-elementor-type=\"wp-page\" data-elementor-id=\"6365\" class=\"elementor elementor-6365\">\n\t\t\t\t\t\t<section class=\"elementor-section elementor-top-section elementor-element elementor-element-2ce3007 elementor-section-boxed elementor-section-height-default elementor-section-height-default\" data-id=\"2ce3007\" data-element_type=\"section\" data-e-type=\"section\">\n\t\t\t\t\t\t<div class=\"elementor-container elementor-column-gap-wide\">\n\t\t\t\t\t<div class=\"elementor-column elementor-col-100 elementor-top-column elementor-element elementor-element-e8c0d9a\" data-id=\"e8c0d9a\" data-element_type=\"column\" data-e-type=\"column\">\n\t\t\t<div class=\"elementor-widget-wrap elementor-element-populated\">\n\t\t\t\t\t\t<div class=\"elementor-element elementor-element-3ccfb66 elementor-widget elementor-widget-image\" data-id=\"3ccfb66\" data-element_type=\"widget\" data-e-type=\"widget\" data-widget_type=\"image.default\">\n\t\t\t\t<div class=\"elementor-widget-container\">\n\t\t\t\t\t\t\t\t\t\t\t\t\t\t\t<img fetchpriority=\"high\" decoding=\"async\" width=\"740\" height=\"454\" src=\"https:\/\/tulossa.stationmir.fi\/wp-content\/uploads\/2019\/12\/combBW_.jpg\" class=\"attachment-large size-large wp-image-1966\" alt=\"\" srcset=\"https:\/\/tulossa.stationmir.fi\/wp-content\/uploads\/2019\/12\/combBW_.jpg 800w, https:\/\/tulossa.stationmir.fi\/wp-content\/uploads\/2019\/12\/combBW_-300x184.jpg 300w, https:\/\/tulossa.stationmir.fi\/wp-content\/uploads\/2019\/12\/combBW_-768x471.jpg 768w, https:\/\/tulossa.stationmir.fi\/wp-content\/uploads\/2019\/12\/combBW_-500x307.jpg 500w\" sizes=\"100vw\" \/>\t\t\t\t\t\t\t\t\t\t\t\t\t\t\t<\/div>\n\t\t\t\t<\/div>\n\t\t\t\t\t<\/div>\n\t\t<\/div>\n\t\t\t\t\t<\/div>\n\t\t<\/section>\n\t\t\t\t<section class=\"elementor-section elementor-top-section elementor-element elementor-element-c4ce047 elementor-section-boxed elementor-section-height-default elementor-section-height-default\" data-id=\"c4ce047\" data-element_type=\"section\" data-e-type=\"section\">\n\t\t\t\t\t\t<div class=\"elementor-container elementor-column-gap-default\">\n\t\t\t\t\t<div class=\"elementor-column elementor-col-50 elementor-top-column elementor-element elementor-element-f60d80c\" data-id=\"f60d80c\" data-element_type=\"column\" data-e-type=\"column\">\n\t\t\t<div class=\"elementor-widget-wrap elementor-element-populated\">\n\t\t\t\t\t\t<div class=\"elementor-element elementor-element-5e5431a elementor-widget elementor-widget-text-editor\" data-id=\"5e5431a\" data-element_type=\"widget\" data-e-type=\"widget\" data-widget_type=\"text-editor.default\">\n\t\t\t\t<div class=\"elementor-widget-container\">\n\t\t\t\t\t\t\t\t\t<figure><figcaption>Maria Appelberg, TaM, graafikko <br \/>Osmo Lepp\u00e4l\u00e4, TaK, graafikko, <br \/>n\u00e4yttelyarkkitehti, valokuvaaja<\/figcaption><\/figure><p><strong>MARIA<\/strong> b\u00f6cker, omslag, utst\u00e4llningsgrafik <br \/>och -arkitektur, typografi, konstkataloger, broschyrer, tidsskrifter, emballage<br \/>maria.appelberg (@) stationmir.fi\u00a0 <br \/>+358 50 3543696<\/p><p>V\u00e5rt arbetsf\u00e4lt \u00e4r inom konst, historia, <br \/>vetenskap och kultur. Station MIR designar b\u00f6cker, tryckt media, utst\u00e4llningsarkitektur <br \/>och visuella identiteter. Grafisk design <br \/>f\u00f6r yta och rum sedan 1995.<\/p><p><strong>OSMO<\/strong> n\u00e4yttelyarkkitehtuuri ja -grafiikka, <br \/>tilan visualisointi, kirjat, lehdet, esitteet, <br \/>3D mallinnus, valokuvaus ja kuvank\u00e4sittely<br \/>osmo.leppala (@) stationmir.fi\u00a0 <br \/>+358 50 5249135<\/p><p>Ty\u00f6skentelemme taiteen, historian, tieteen ja kulttuurin parissa. Suunnittelemme kirjoja ja kaikkia painotuotteita, n\u00e4yttelyarkkitehtuureja <br \/>ja visuaalisia ilmeit\u00e4. Graafisia ratkaisuja <br \/>pintaan ja tilaan vuodesta 1995 alkaen.<\/p>\t\t\t\t\t\t\t\t<\/div>\n\t\t\t\t<\/div>\n\t\t\t\t\t<\/div>\n\t\t<\/div>\n\t\t\t\t<div class=\"elementor-column elementor-col-50 elementor-top-column elementor-element elementor-element-6da6554\" data-id=\"6da6554\" data-element_type=\"column\" data-e-type=\"column\">\n\t\t\t<div class=\"elementor-widget-wrap elementor-element-populated\">\n\t\t\t\t\t\t<div class=\"elementor-element elementor-element-144f14e elementor-widget elementor-widget-text-editor\" data-id=\"144f14e\" data-element_type=\"widget\" data-e-type=\"widget\" data-widget_type=\"text-editor.default\">\n\t\t\t\t<div class=\"elementor-widget-container\">\n\t\t\t\t\t\t\t\t\t<h5 class=\"wp-block-heading\">Asiakkaitamme | v\u00e5ra kunder<\/h5><p>Ateneumin taidemuseo \/ Konstmuseet Ateneum<br \/>Baltic Sea Action Group<br \/>Br\u00e4nn &amp; Br\u00e4nn<br \/>Didricchsenin taidemuseo<br \/>DuvTeatern<br \/>Helsingin kaupunginmuseo \/ <br \/>Helsingfors stadsmuseum<br \/>Helsingin taidemuseo HAM \/ <br \/>Helsingfors konstmuseum\u00a0HAM<br \/>Museokeskus Taika Hyvink\u00e4\u00e4<br \/>Mental Museum Lapinlahden l\u00e4hde<br \/>Merkkimuseo<br \/>Parus Verus<br \/>Parvs<br \/>Serlachius museot<br \/>Schildts\u00a0&amp; S\u00f6derstr\u00f6ms<br \/>Sinebrychoffin taidemuseo \/<br \/>Konstmuseet <br \/>Sinebrychoff<br \/>Svenska Litteraturs\u00e4llskapet i Finland<br \/>Tammi<br \/>Tampereen taidemuseo<br \/>TTK Traumaterapiakeskus Oy<br \/>Tuusulan museo<br \/>Villa Gyllenberg<br \/>V\u00e4est\u00f6nsuojelumuseo<\/p>\t\t\t\t\t\t\t\t<\/div>\n\t\t\t\t<\/div>\n\t\t\t\t\t<\/div>\n\t\t<\/div>\n\t\t\t\t\t<\/div>\n\t\t<\/section>\n\t\t\t\t<\/div>\n\t\t","protected":false},"excerpt":{"rendered":"<p>Maria Appelberg, TaM, graafikko Osmo Lepp\u00e4l\u00e4, TaK, graafikko, n\u00e4yttelyarkkitehti, valokuvaaja MARIA b\u00f6cker, omslag, utst\u00e4llningsgrafik och -arkitektur, typografi, konstkataloger, broschyrer, tidsskrifter, emballagemaria.appelberg (@) stationmir.fi\u00a0 +358 50 3543696 V\u00e5rt arbetsf\u00e4lt \u00e4r inom konst, historia, vetenskap och kultur. Station MIR designar b\u00f6cker, tryckt media, utst\u00e4llningsarkitektur och visuella identiteter. Grafisk design f\u00f6r yta och rum sedan 1995. OSMO n\u00e4yttelyarkkitehtuuri &hellip; <\/p>\n<p class=\"link-more\"><a href=\"https:\/\/tulossa.stationmir.fi\/index.php\/6365-2\/\" class=\"more-link\">Jatka lukemista<span class=\"screen-reader-text\"> &#8221;asiakaslista&#8221;<\/span><\/a><\/p>\n","protected":false},"author":1,"featured_media":0,"parent":0,"menu_order":0,"comment_status":"closed","ping_status":"closed","template":"","meta":{"_vp_format_video_url":"","_vp_image_focal_point":[],"footnotes":""},"class_list":["post-6365","page","type-page","status-publish","hentry"],"_links":{"self":[{"href":"https:\/\/tulossa.stationmir.fi\/index.php\/wp-json\/wp\/v2\/pages\/6365","targetHints":{"allow":["GET"]}}],"collection":[{"href":"https:\/\/tulossa.stationmir.fi\/index.php\/wp-json\/wp\/v2\/pages"}],"about":[{"href":"https:\/\/tulossa.stationmir.fi\/index.php\/wp-json\/wp\/v2\/types\/page"}],"author":[{"embeddable":true,"href":"https:\/\/tulossa.stationmir.fi\/index.php\/wp-json\/wp\/v2\/users\/1"}],"replies":[{"embeddable":true,"href":"https:\/\/tulossa.stationmir.fi\/index.php\/wp-json\/wp\/v2\/comments?post=6365"}],"version-history":[{"count":29,"href":"https:\/\/tulossa.stationmir.fi\/index.php\/wp-json\/wp\/v2\/pages\/6365\/revisions"}],"predecessor-version":[{"id":6478,"href":"https:\/\/tulossa.stationmir.fi\/index.php\/wp-json\/wp\/v2\/pages\/6365\/revisions\/6478"}],"wp:attachment":[{"href":"https:\/\/tulossa.stationmir.fi\/index.php\/wp-json\/wp\/v2\/media?parent=6365"}],"curies":[{"name":"wp","href":"https:\/\/api.w.org\/{rel}","templated":true}]}}