{"id":47,"date":"2019-09-10T12:42:15","date_gmt":"2019-09-10T12:42:15","guid":{"rendered":"https:\/\/tulossa.stationmir.fi\/?page_id=47"},"modified":"2026-02-09T14:35:00","modified_gmt":"2026-02-09T14:35:00","slug":"ota-yhteytta","status":"publish","type":"page","link":"https:\/\/tulossa.stationmir.fi\/index.php\/ota-yhteytta\/","title":{"rendered":"asiakkaat  ja yhteystiedot"},"content":{"rendered":"\t\t<div data-elementor-type=\"wp-page\" data-elementor-id=\"47\" class=\"elementor elementor-47\">\n\t\t\t\t\t\t<section class=\"elementor-section elementor-top-section elementor-element elementor-element-3885cb8 elementor-section-boxed elementor-section-height-default elementor-section-height-default\" data-id=\"3885cb8\" data-element_type=\"section\" data-e-type=\"section\">\n\t\t\t\t\t\t<div class=\"elementor-container elementor-column-gap-default\">\n\t\t\t\t\t<div class=\"elementor-column elementor-col-100 elementor-top-column elementor-element elementor-element-ad5768e\" data-id=\"ad5768e\" data-element_type=\"column\" data-e-type=\"column\">\n\t\t\t<div class=\"elementor-widget-wrap elementor-element-populated\">\n\t\t\t\t\t\t<div class=\"elementor-element elementor-element-cd392b4 elementor-widget elementor-widget-text-editor\" data-id=\"cd392b4\" data-element_type=\"widget\" data-e-type=\"widget\" data-widget_type=\"text-editor.default\">\n\t\t\t\t<div class=\"elementor-widget-container\">\n\t\t\t\t\t\t\t\t\t<h5>Asiakkaitamme \/ v\u00e5ra kunder BLAND ANNAT<\/h5><p>Ateneumin taidemuseo \/ Konstmuseet Ateneum<br \/>Baltic Sea Action Group<br \/>Br\u00e4nn &amp; Br\u00e4nn<br \/>Didricchsenin taidemuseo<br \/>DuvTeatern<br \/><span style=\"font-size: 1rem;\">Helsingin kaupunginmuseo \/ Helsingfors stadsmuseum<br \/><\/span><span style=\"font-size: 1rem;\">Helsingin taidemuseo HAM \/ Helsingfors konstmuseum\u00a0HAM<br \/>Museokeskus Taika Hyvink\u00e4\u00e4<br \/><\/span>Mental Museum Lapinlahden l\u00e4hde<br \/>Merkkimuseo<br \/>Parus Verus<br \/>Serlachius museot<br \/><span class=\"s1\">Schildts\u00a0&amp; S\u00f6derstr\u00f6ms<br \/><\/span>Sinebrychoffin taidemuseo \/ Konstmuseet Sinebrychoff<br \/>Svenska Litteraturs\u00e4llskapet i Finland<br \/>Tammi<br \/>Tampereen taidemuseo<br \/>TTK Traumaterapiakeskus Oy<br \/>Tuusulan museo<br \/>Villa Gyllenberg<br \/>V\u00e4est\u00f6nsuojelumuseo<\/p><p><style type=\"text\/css\">\np.p1 {margin: 0.0px 0.0px 0.0px 0.0px; font: 14.0px Helvetica; -webkit-text-stroke: #000000}<br \/>span.s1 {font-kerning: none}<br \/><\/style><\/p>\t\t\t\t\t\t\t\t<\/div>\n\t\t\t\t<\/div>\n\t\t\t\t\t<\/div>\n\t\t<\/div>\n\t\t\t\t\t<\/div>\n\t\t<\/section>\n\t\t\t\t<\/div>\n\t\t","protected":false},"excerpt":{"rendered":"<p>Asiakkaitamme \/ v\u00e5ra kunder BLAND ANNAT Ateneumin taidemuseo \/ Konstmuseet AteneumBaltic Sea Action GroupBr\u00e4nn &amp; Br\u00e4nnDidricchsenin taidemuseoDuvTeaternHelsingin kaupunginmuseo \/ Helsingfors stadsmuseumHelsingin taidemuseo HAM \/ Helsingfors konstmuseum\u00a0HAMMuseokeskus Taika Hyvink\u00e4\u00e4Mental Museum Lapinlahden l\u00e4hdeMerkkimuseoParus VerusSerlachius museotSchildts\u00a0&amp; S\u00f6derstr\u00f6msSinebrychoffin taidemuseo \/ Konstmuseet SinebrychoffSvenska Litteraturs\u00e4llskapet i FinlandTammiTampereen taidemuseoTTK Traumaterapiakeskus OyTuusulan museoVilla GyllenbergV\u00e4est\u00f6nsuojelumuseo<\/p>\n","protected":false},"author":1,"featured_media":3354,"parent":0,"menu_order":0,"comment_status":"closed","ping_status":"closed","template":"","meta":{"_vp_format_video_url":"","_vp_image_focal_point":{"x":0.69,"y":0.73},"footnotes":""},"class_list":["post-47","page","type-page","status-publish","has-post-thumbnail","hentry"],"_links":{"self":[{"href":"https:\/\/tulossa.stationmir.fi\/index.php\/wp-json\/wp\/v2\/pages\/47","targetHints":{"allow":["GET"]}}],"collection":[{"href":"https:\/\/tulossa.stationmir.fi\/index.php\/wp-json\/wp\/v2\/pages"}],"about":[{"href":"https:\/\/tulossa.stationmir.fi\/index.php\/wp-json\/wp\/v2\/types\/page"}],"author":[{"embeddable":true,"href":"https:\/\/tulossa.stationmir.fi\/index.php\/wp-json\/wp\/v2\/users\/1"}],"replies":[{"embeddable":true,"href":"https:\/\/tulossa.stationmir.fi\/index.php\/wp-json\/wp\/v2\/comments?post=47"}],"version-history":[{"count":86,"href":"https:\/\/tulossa.stationmir.fi\/index.php\/wp-json\/wp\/v2\/pages\/47\/revisions"}],"predecessor-version":[{"id":4205,"href":"https:\/\/tulossa.stationmir.fi\/index.php\/wp-json\/wp\/v2\/pages\/47\/revisions\/4205"}],"wp:featuredmedia":[{"embeddable":true,"href":"https:\/\/tulossa.stationmir.fi\/index.php\/wp-json\/wp\/v2\/media\/3354"}],"wp:attachment":[{"href":"https:\/\/tulossa.stationmir.fi\/index.php\/wp-json\/wp\/v2\/media?parent=47"}],"curies":[{"name":"wp","href":"https:\/\/api.w.org\/{rel}","templated":true}]}}